{"id":102,"date":"2017-07-26T14:00:52","date_gmt":"2017-07-26T14:00:52","guid":{"rendered":"http:\/\/haroaccesible.asprodema.org\/?page_id=102"},"modified":"2017-07-26T21:12:17","modified_gmt":"2017-07-26T21:12:17","slug":"metodologia-e-informe","status":"publish","type":"page","link":"https:\/\/haroaccesible.asprodema.org\/?page_id=102","title":{"rendered":"Metodolog\u00eda y Materiales"},"content":{"rendered":"<h1>Metodolog\u00eda<\/h1>\n<p>Como paso previo a iniciar el trabajo de campo, Asprodema-Rioja cuenta con la colaboraci\u00f3n del arquitecto municipal, <strong>Eduardo Llona Manzanedo<\/strong>, que puso a su disposici\u00f3n todos los planos de la ciudad, as\u00ed\u00ad como con el asesoramiento de una arquitecta voluntaria, <strong>Raquel Villar Zabala<\/strong>, miembro de la Asociaci\u00f3n de J\u00f3venes Arquitectos de La Rioja.<\/p>\n<p>Se organizaron 2 grupos de 4 personas con discapacidad intelectual de la ciudad de Haro y se quedaron otras 2 personas como suplentes.<\/p>\n<p>A todos estas personas de le da una peque\u00f1a formaci\u00f3n sobre las barreras arquitect\u00f3nicas y lo que marcan las legislaciones vigentes. Y se prepara un resumen visual que se lleva de apoyo durante el trabajo de campo.<\/p>\n<p>La actividad se realiza los jueves durante los meses de Marzo, Abril y Mayo.<\/p>\n<p>Comenzaban el recorrido a las 10 de la ma\u00f1ana en la estaci\u00f3n de autobuses y finalizaban a las 5 de la tarde en el mismo lugar.<\/p>\n<p>Para organizar el trabajo decidimos dividir el plano de Haro en cuadrantes que se pasan a analizar durante el trabajo de campo, observamos que hab\u00ed\u00ada 16 cuadrantes que analizar.<\/p>\n<p><img loading=\"lazy\" decoding=\"async\" class=\"wp-image-55 aligncenter\" src=\"http:\/\/haroaccesible.asprodema.org\/wp-content\/uploads\/2017\/07\/img_20170330_121454_32967291933_o-1024x768.jpg\" alt=\"img_20170330_121454_32967291933_o\" width=\"576\" height=\"432\" srcset=\"https:\/\/haroaccesible.asprodema.org\/wp-content\/uploads\/2017\/07\/img_20170330_121454_32967291933_o-1024x768.jpg 1024w, https:\/\/haroaccesible.asprodema.org\/wp-content\/uploads\/2017\/07\/img_20170330_121454_32967291933_o-300x225.jpg 300w, https:\/\/haroaccesible.asprodema.org\/wp-content\/uploads\/2017\/07\/img_20170330_121454_32967291933_o-768x576.jpg 768w\" sizes=\"(max-width: 576px) 100vw, 576px\" \/><\/p>\n<p>Mientras se pasea por las calles del cuadrante y seg\u00fan unos criterios adquiridos previamente se valoran aceras, pasos de cebra, espacios p\u00fablicos&#8230;<\/p>\n<p>En los pasos de cebra analizamos en primer lugar si existe o no, y despu\u00e9s los vados peatonales: anchura, pendiente, resalte del bordillo, pavimento y tambi\u00e9n observamos si existen obst\u00e1culos, si la direcci\u00f3n del paso est\u00e1 en linea con la inclinaci\u00f3n del vado y con el pavimento t\u00e1ctil y por \u00faltimo si existen isletas, si cumplen con los requisitos m\u00ed\u00adnimos.<\/p>\n<p>En las aceras, nos fijamos en la anchura, la existencia de obst\u00e1culos, pendientes y el estado del pavimento. Tambi\u00e9n apuntamos si el itinerario peatonal se interrumpe o si es f\u00e1cilmente identificable.<\/p>\n<p>Por \u00faltimo decidimos crear una categor\u00ed\u00ada llamada Espacios P\u00fablicos, que englobase parques, plazas y zonas peatonales. En esta zona nos fijamos en los pavimentos, la existencia de desniveles, escaleras y\u00a0 elementos necesarios para la accesibilidad en este tipo de zona.<\/p>\n<p>Si la valoraci\u00f3n es negativa se marca el punto en el mapa, se escribe el por qu\u00e9 de dicha valoraci\u00f3n y se realizan las fotograf\u00ed\u00adas necesarias.<\/p>\n<h1>Materiales<\/h1>\n<style type=\"text\/css\">.easingslider-150 { max-width: 640px; }.easingslider-150 .easingslider-image { max-height: 400px; max-width: 640px; }.easingslider-150 .easingslider-fade-in, .easingslider-fade-out { -webkit-animation-duration: 400ms; -moz-animation-duration: 400ms; animation-duration: 400ms; }<\/style><script type=\"text\/javascript\">window.EasingSlider150 = {\"width\":640,\"height\":400,\"singleItem\":true,\"items\":1,\"itemsDesktop\":false,\"itemsDesktopSmall\":false,\"itemsTablet\":false,\"itemsTabletSmall\":false,\"itemsMobile\":false,\"responsive\":true,\"lazyLoad\":true,\"autoPlay\":5000,\"slideSpeed\":400,\"navigation\":false,\"navigationText\":[\"\",\"\"],\"pagination\":true,\"autoHeight\":false,\"mouseDrag\":false,\"touchDrag\":false,\"addClassActive\":true,\"transitionStyle\":\"fade\"};<\/script><div data-id=\"150\" class=\"easingslider easingslider-150 easingslider-container easingslider-resizing-enabled easingslider-aspect-ratio easingslider-pagination-inside easingslider-pagination-bottom-center\"><div class=\"easingslider-slide\"><img decoding=\"async\" src=\"https:\/\/haroaccesible.asprodema.org\/wp-content\/plugins\/easing-slider\/assets\/images\/placeholder-pixel.png\" data-src=\"https:\/\/haroaccesible.asprodema.org\/wp-content\/uploads\/2017\/07\/IMG_20170726_184356-640x400.jpg\" alt=\"\" title=\"\" class=\"easingslider-image easingslider-lazy\" \/><\/div><div class=\"easingslider-slide\"><img decoding=\"async\" src=\"https:\/\/haroaccesible.asprodema.org\/wp-content\/plugins\/easing-slider\/assets\/images\/placeholder-pixel.png\" data-src=\"https:\/\/haroaccesible.asprodema.org\/wp-content\/uploads\/2017\/07\/IMG_20170726_184510-640x400.jpg\" alt=\"\" title=\"\" class=\"easingslider-image easingslider-lazy\" \/><\/div><div class=\"easingslider-slide\"><img decoding=\"async\" src=\"https:\/\/haroaccesible.asprodema.org\/wp-content\/plugins\/easing-slider\/assets\/images\/placeholder-pixel.png\" data-src=\"https:\/\/haroaccesible.asprodema.org\/wp-content\/uploads\/2017\/07\/IMG_20170726_184556-e1501108754212-640x400.jpg\" alt=\"\" title=\"\" class=\"easingslider-image easingslider-lazy\" \/><\/div><div class=\"easingslider-slide\"><img decoding=\"async\" src=\"https:\/\/haroaccesible.asprodema.org\/wp-content\/plugins\/easing-slider\/assets\/images\/placeholder-pixel.png\" data-src=\"https:\/\/haroaccesible.asprodema.org\/wp-content\/uploads\/2017\/07\/IMG_20170726_184646-e1501108729702-640x400.jpg\" alt=\"\" title=\"\" class=\"easingslider-image easingslider-lazy\" \/><\/div><\/div>\n","protected":false},"excerpt":{"rendered":"<p>Metodolog\u00eda Como paso previo a iniciar el trabajo de campo, Asprodema-Rioja cuenta con la colaboraci\u00f3n del arquitecto municipal, Eduardo Llona Manzanedo, que puso a su disposici\u00f3n todos los planos de la ciudad, as\u00ed\u00ad como con el asesoramiento de una arquitecta voluntaria, Raquel Villar Zabala, miembro de la Asociaci\u00f3n de J\u00f3venes Arquitectos de La Rioja. Se [&hellip;]<\/p>\n","protected":false},"author":1,"featured_media":0,"parent":22,"menu_order":0,"comment_status":"closed","ping_status":"closed","template":"","meta":{"footnotes":""},"_links":{"self":[{"href":"https:\/\/haroaccesible.asprodema.org\/index.php?rest_route=\/wp\/v2\/pages\/102"}],"collection":[{"href":"https:\/\/haroaccesible.asprodema.org\/index.php?rest_route=\/wp\/v2\/pages"}],"about":[{"href":"https:\/\/haroaccesible.asprodema.org\/index.php?rest_route=\/wp\/v2\/types\/page"}],"author":[{"embeddable":true,"href":"https:\/\/haroaccesible.asprodema.org\/index.php?rest_route=\/wp\/v2\/users\/1"}],"replies":[{"embeddable":true,"href":"https:\/\/haroaccesible.asprodema.org\/index.php?rest_route=%2Fwp%2Fv2%2Fcomments&post=102"}],"version-history":[{"count":5,"href":"https:\/\/haroaccesible.asprodema.org\/index.php?rest_route=\/wp\/v2\/pages\/102\/revisions"}],"predecessor-version":[{"id":151,"href":"https:\/\/haroaccesible.asprodema.org\/index.php?rest_route=\/wp\/v2\/pages\/102\/revisions\/151"}],"up":[{"embeddable":true,"href":"https:\/\/haroaccesible.asprodema.org\/index.php?rest_route=\/wp\/v2\/pages\/22"}],"wp:attachment":[{"href":"https:\/\/haroaccesible.asprodema.org\/index.php?rest_route=%2Fwp%2Fv2%2Fmedia&parent=102"}],"curies":[{"name":"wp","href":"https:\/\/api.w.org\/{rel}","templated":true}]}}