{"id":19,"date":"2017-07-25T12:10:59","date_gmt":"2017-07-25T12:10:59","guid":{"rendered":"http:\/\/haroaccesible.asprodema.org\/?page_id=19"},"modified":"2017-07-26T21:15:30","modified_gmt":"2017-07-26T21:15:30","slug":"proyecto-haro-accesible","status":"publish","type":"page","link":"https:\/\/haroaccesible.asprodema.org\/?page_id=19","title":{"rendered":"Proyecto Haro Accesible"},"content":{"rendered":"<p>La participaci\u00f3n es un derecho fundamental de la ciudadan\u00ed\u00ada, que las personas con discapacidad hemos puesto en pr\u00e1ctica con\u00a0 este proyecto, que es <strong>un espacio de dialogo con el Ayuntamiento de HARO<\/strong>, en el que hemos evidenciado\u00a0 las dificultades en la accesibilidad que hoy tenemos en las calles y espacios de Haro.<\/p>\n<p><img loading=\"lazy\" decoding=\"async\" class=\"aligncenter wp-image-54 size-full\" src=\"http:\/\/haroaccesible.asprodema.org\/wp-content\/uploads\/2017\/07\/haro-2-750x563.jpg\" alt=\"haro-2-750x563\" width=\"750\" height=\"563\" srcset=\"https:\/\/haroaccesible.asprodema.org\/wp-content\/uploads\/2017\/07\/haro-2-750x563.jpg 750w, https:\/\/haroaccesible.asprodema.org\/wp-content\/uploads\/2017\/07\/haro-2-750x563-300x225.jpg 300w\" sizes=\"(max-width: 750px) 100vw, 750px\" \/><\/p>\n<p>La Ciudad Accesible es aquella que no segrega y donde se da la interacci\u00c3\u00b3n entre los diferentes grupos sociales y que permite el acceso equitativo de todas las personas a los servicios que oferta la misma (Blog Corporativo sobre Accesibilidad Universal, 2011).<\/p>\n<p>En Haro hay 596 vecinos con alg\u00fan tipo de discapacidad. <em>(Fuente: La poblaci\u00f3n con discapacidad en la Rioja, Gobierno de La Rioja, 2014) <\/em><\/p>\n<p>Se estima que el 29%\u00a0 de la poblaci\u00f3n de La Rioja se encuentra en edad avanzada y el 50% sufren alguna discapacidad o disminuci\u00f3n temporal. Con estos datos se puede deducir que\u00a0el 40% de la poblaci\u00f3n se enfrenta a barreras de accesibilidad de manera cotidiana.<\/p>\n<p>Para poder conseguir una ciudad accesible tenemos que contemplar varios \u00e1mbitos de actuaci\u00f3n\u00a0que se corresponden con los lugares a los que vamos yendo en nuestros recorridos. Utilizamos para ello los medios de transporte, vamos andando y\/o nos servimos para guiarnos de las indicaciones. Es decir, nuestros movimientos cotidianos por la ciudad se ven influenciados de gran manera por nuestro recorrido \u00a0y por los entornos edificados en los que nos movemos.<\/p>\n<p>Los \u00e1mbitos de actuaci\u00f3n se pueden dividir en: v\u00eda y espacios p\u00fablicos, edificios, comunicaci\u00f3n y se\u00f1al\u00e9ctica. Estos \u00e1mbitos forman series de espacios y si alguno de ellos falla se rompe la comunicaci\u00f3n, lo que provoca situaciones de discriminaci\u00f3n.<\/p>\n<p><strong>OBJETIVOS<\/strong><\/p>\n<p>OBJETIVO GENERAL:<\/p>\n<p><strong><em>Sensibilizar y establecer\u00a0 marcos de colaboraci\u00f3n con el Ayuntamiento para mejorar la accesibilidad de los espacios p\u00fablicos y servicios y mejorar as\u00ed\u00ad\u00a0 la participaci\u00f3n social de las personas con discapacidad y otros colectivos<\/em><\/strong><\/p>\n<p>OBJETIVOS ESPEC\u00cdFICOS:<\/p>\n<ul>\n<li><strong>Sensibilizar a las personas con discapacidad en el uso de sus derechos<\/strong><\/li>\n<li><strong>Evidenciar las barreras de accesibilidad en la ciudad de Haro<\/strong><\/li>\n<li><strong>Dotar al Ayuntamiento de una herramienta para mejorar\u00a0 la accesibilidad de los vecinos de Haro\u00a0<\/strong><\/li>\n<\/ul>\n<p>ACTIVIDADES:<\/p>\n<ul>\n<li><strong>An\u00e1lisis de los espacios p\u00fablicos<\/strong><\/li>\n<li><strong>Accesibilidad en los espacios p\u00fablicos: itinerarios peatonales, parques, jardines y espacios libres<\/strong><\/li>\n<li><strong>Accesibilidad de los espacios urbanos de uso p\u00fablico<\/strong><\/li>\n<\/ul>\n<p>&nbsp;<\/p>\n<p>&nbsp;<\/p>\n","protected":false},"excerpt":{"rendered":"<p>La participaci\u00f3n es un derecho fundamental de la ciudadan\u00ed\u00ada, que las personas con discapacidad hemos puesto en pr\u00e1ctica con\u00a0 este proyecto, que es un espacio de dialogo con el Ayuntamiento de HARO, en el que hemos evidenciado\u00a0 las dificultades en la accesibilidad que hoy tenemos en las calles y espacios de Haro. La Ciudad Accesible [&hellip;]<\/p>\n","protected":false},"author":1,"featured_media":0,"parent":0,"menu_order":0,"comment_status":"closed","ping_status":"closed","template":"","meta":{"footnotes":""},"_links":{"self":[{"href":"https:\/\/haroaccesible.asprodema.org\/index.php?rest_route=\/wp\/v2\/pages\/19"}],"collection":[{"href":"https:\/\/haroaccesible.asprodema.org\/index.php?rest_route=\/wp\/v2\/pages"}],"about":[{"href":"https:\/\/haroaccesible.asprodema.org\/index.php?rest_route=\/wp\/v2\/types\/page"}],"author":[{"embeddable":true,"href":"https:\/\/haroaccesible.asprodema.org\/index.php?rest_route=\/wp\/v2\/users\/1"}],"replies":[{"embeddable":true,"href":"https:\/\/haroaccesible.asprodema.org\/index.php?rest_route=%2Fwp%2Fv2%2Fcomments&post=19"}],"version-history":[{"count":5,"href":"https:\/\/haroaccesible.asprodema.org\/index.php?rest_route=\/wp\/v2\/pages\/19\/revisions"}],"predecessor-version":[{"id":152,"href":"https:\/\/haroaccesible.asprodema.org\/index.php?rest_route=\/wp\/v2\/pages\/19\/revisions\/152"}],"wp:attachment":[{"href":"https:\/\/haroaccesible.asprodema.org\/index.php?rest_route=%2Fwp%2Fv2%2Fmedia&parent=19"}],"curies":[{"name":"wp","href":"https:\/\/api.w.org\/{rel}","templated":true}]}}