{"id":98,"date":"2017-07-26T13:59:46","date_gmt":"2017-07-26T13:59:46","guid":{"rendered":"http:\/\/haroaccesible.asprodema.org\/?page_id=98"},"modified":"2017-07-27T08:17:32","modified_gmt":"2017-07-27T08:17:32","slug":"materiales-y-legislacion","status":"publish","type":"page","link":"https:\/\/haroaccesible.asprodema.org\/?page_id=98","title":{"rendered":"Legislaci\u00f3n e informe"},"content":{"rendered":"<h1>Legislaci\u00f3n<\/h1>\n<p>Legislaci\u00f3n nacional<\/p>\n<p><a href=\"http:\/\/haroaccesible.asprodema.org\/wp-content\/uploads\/2017\/07\/BOE-A-2010-4057.pdf\" target=\"_blank\">BOE-A-2010-4057<\/a><\/p>\n<p>Legislaci\u00f3n auton\u00f3mica<\/p>\n<p><a href=\"http:\/\/haroaccesible.asprodema.org\/wp-content\/uploads\/2017\/07\/DECRETO-accesibilidad-LA-Rioja.pdf\" target=\"_blank\">DECRETO accesibilidad LA Rioja<\/a><\/p>\n<p>Resumen de legislaciones que llevamos como materia de consulta durante el trabajo de campo y en la formaci\u00f3n inicial.<\/p>\n<p><a href=\"http:\/\/haroaccesible.asprodema.org\/wp-content\/uploads\/2017\/07\/Guia_Accesibilidad_vias_urbanas_FESVIAL-Fundacion_ONCE.pdf\" target=\"_blank\">Guia_Accesibilidad_vias_urbanas_FESVIAL-Fundacion_ONCE<\/a><\/p>\n<p>&nbsp;<\/p>\n<h1>Informe<\/h1>\n<p>Despu\u00e9s de m\u00e1s de 50 horas recorriendo las calles de Haro, analizando sus calles, plazas y parques hemos encontrado 409 puntos que consideramos que tienen alg\u00fan tipo de problema de accesibilidad.<\/p>\n<p>Despu\u00e9s de realizar un an\u00e1lisis hemos desestimado 2 puntos por lo que el total queda en 407. La valoraci\u00f3n sobre la dificultad o la posibilidad de adecuaci\u00f3n de cada punto depende de los criterios t\u00e9cnicos de los profesionales del Ayuntamiento de Haro una vez estudiado este informe.<\/p>\n<h1 style=\"text-align: center;\"><strong>ACERAS 106 puntos \u00a0 \u00a0 \u00a0\u00a0<img loading=\"lazy\" decoding=\"async\" class=\"alignnone wp-image-116\" src=\"http:\/\/haroaccesible.asprodema.org\/wp-content\/uploads\/2017\/07\/s_acera.png\" alt=\"s_acera\" width=\"100\" height=\"134\" \/><\/strong><\/h1>\n<h2><style type=\"text\/css\">.easingslider-165 { width: 100%; }.easingslider-165 .easingslider-image { max-height: 300px; max-width: 500px; }.easingslider-165 .easingslider-fade-in, .easingslider-fade-out { -webkit-animation-duration: 400ms; -moz-animation-duration: 400ms; animation-duration: 400ms; }<\/style><script type=\"text\/javascript\">window.EasingSlider165 = {\"width\":500,\"height\":300,\"singleItem\":true,\"items\":1,\"itemsDesktop\":false,\"itemsDesktopSmall\":false,\"itemsTablet\":false,\"itemsTabletSmall\":false,\"itemsMobile\":false,\"responsive\":true,\"lazyLoad\":true,\"autoPlay\":false,\"slideSpeed\":400,\"navigation\":true,\"navigationText\":[\"\",\"\"],\"pagination\":true,\"autoHeight\":false,\"mouseDrag\":false,\"touchDrag\":false,\"addClassActive\":true,\"transitionStyle\":\"fade\"};<\/script><div data-id=\"165\" class=\"easingslider easingslider-165 easingslider-container easingslider-full-width easingslider-resizing-enabled easingslider-aspect-ratio easingslider-arrows-inside easingslider-pagination-inside easingslider-pagination-bottom-center\"><div class=\"easingslider-slide\"><img decoding=\"async\" src=\"https:\/\/haroaccesible.asprodema.org\/wp-content\/plugins\/easing-slider\/assets\/images\/placeholder-pixel.png\" data-src=\"https:\/\/haroaccesible.asprodema.org\/wp-content\/uploads\/2017\/07\/Diapositiva1-500x300.jpg\" alt=\"\" title=\"\" class=\"easingslider-image easingslider-lazy\" \/><\/div><div class=\"easingslider-slide\"><img decoding=\"async\" src=\"https:\/\/haroaccesible.asprodema.org\/wp-content\/plugins\/easing-slider\/assets\/images\/placeholder-pixel.png\" data-src=\"https:\/\/haroaccesible.asprodema.org\/wp-content\/uploads\/2017\/07\/Diapositiva2-500x300.jpg\" alt=\"\" title=\"\" class=\"easingslider-image easingslider-lazy\" \/><\/div><div class=\"easingslider-slide\"><img decoding=\"async\" src=\"https:\/\/haroaccesible.asprodema.org\/wp-content\/plugins\/easing-slider\/assets\/images\/placeholder-pixel.png\" data-src=\"https:\/\/haroaccesible.asprodema.org\/wp-content\/uploads\/2017\/07\/Diapositiva3-500x300.jpg\" alt=\"\" title=\"\" class=\"easingslider-image easingslider-lazy\" \/><\/div><div class=\"easingslider-slide\"><img decoding=\"async\" src=\"https:\/\/haroaccesible.asprodema.org\/wp-content\/plugins\/easing-slider\/assets\/images\/placeholder-pixel.png\" data-src=\"https:\/\/haroaccesible.asprodema.org\/wp-content\/uploads\/2017\/07\/Diapositiva4-500x300.jpg\" alt=\"\" title=\"\" class=\"easingslider-image easingslider-lazy\" \/><\/div><\/div><\/h2>\n<p>&nbsp;<\/p>\n<h1 style=\"text-align: center;\"><strong>PASOS DE CEBRA 267 puntos<\/strong>\u00a0<img loading=\"lazy\" decoding=\"async\" class=\"alignnone wp-image-117\" src=\"http:\/\/haroaccesible.asprodema.org\/wp-content\/uploads\/2017\/07\/s_paso.png\" alt=\"s_paso\" width=\"100\" height=\"133\" \/><\/h1>\n<style type=\"text\/css\">.easingslider-171 { width: 100%; }.easingslider-171 .easingslider-image { max-height: 390px; max-width: 500px; }.easingslider-171 .easingslider-fade-in, .easingslider-fade-out { -webkit-animation-duration: 400ms; -moz-animation-duration: 400ms; animation-duration: 400ms; }<\/style><script type=\"text\/javascript\">window.EasingSlider171 = {\"width\":500,\"height\":390,\"singleItem\":true,\"items\":1,\"itemsDesktop\":false,\"itemsDesktopSmall\":false,\"itemsTablet\":false,\"itemsTabletSmall\":false,\"itemsMobile\":false,\"responsive\":true,\"lazyLoad\":true,\"autoPlay\":false,\"slideSpeed\":400,\"navigation\":true,\"navigationText\":[\"\",\"\"],\"pagination\":true,\"autoHeight\":false,\"mouseDrag\":false,\"touchDrag\":false,\"addClassActive\":true,\"transitionStyle\":\"fade\"};<\/script><div data-id=\"171\" class=\"easingslider easingslider-171 easingslider-container easingslider-full-width easingslider-resizing-enabled easingslider-aspect-ratio easingslider-arrows-inside easingslider-pagination-inside easingslider-pagination-bottom-center\"><div class=\"easingslider-slide\"><img decoding=\"async\" src=\"https:\/\/haroaccesible.asprodema.org\/wp-content\/plugins\/easing-slider\/assets\/images\/placeholder-pixel.png\" data-src=\"https:\/\/haroaccesible.asprodema.org\/wp-content\/uploads\/2017\/07\/Diapositiva7-500x390.jpg\" alt=\"\" title=\"\" class=\"easingslider-image easingslider-lazy\" \/><\/div><div class=\"easingslider-slide\"><img decoding=\"async\" src=\"https:\/\/haroaccesible.asprodema.org\/wp-content\/plugins\/easing-slider\/assets\/images\/placeholder-pixel.png\" data-src=\"https:\/\/haroaccesible.asprodema.org\/wp-content\/uploads\/2017\/07\/Diapositiva6-500x390.jpg\" alt=\"\" title=\"\" class=\"easingslider-image easingslider-lazy\" \/><\/div><div class=\"easingslider-slide\"><img decoding=\"async\" src=\"https:\/\/haroaccesible.asprodema.org\/wp-content\/plugins\/easing-slider\/assets\/images\/placeholder-pixel.png\" data-src=\"https:\/\/haroaccesible.asprodema.org\/wp-content\/uploads\/2017\/07\/Diapositiva5-500x390.jpg\" alt=\"\" title=\"\" class=\"easingslider-image easingslider-lazy\" \/><\/div><div class=\"easingslider-slide\"><img decoding=\"async\" src=\"https:\/\/haroaccesible.asprodema.org\/wp-content\/plugins\/easing-slider\/assets\/images\/placeholder-pixel.png\" data-src=\"https:\/\/haroaccesible.asprodema.org\/wp-content\/uploads\/2017\/07\/Diapositiva4-1-500x390.jpg\" alt=\"\" title=\"\" class=\"easingslider-image easingslider-lazy\" \/><\/div><div class=\"easingslider-slide\"><img decoding=\"async\" src=\"https:\/\/haroaccesible.asprodema.org\/wp-content\/plugins\/easing-slider\/assets\/images\/placeholder-pixel.png\" data-src=\"https:\/\/haroaccesible.asprodema.org\/wp-content\/uploads\/2017\/07\/Diapositiva3-1-500x390.jpg\" alt=\"\" title=\"\" class=\"easingslider-image easingslider-lazy\" \/><\/div><div class=\"easingslider-slide\"><img decoding=\"async\" src=\"https:\/\/haroaccesible.asprodema.org\/wp-content\/plugins\/easing-slider\/assets\/images\/placeholder-pixel.png\" data-src=\"https:\/\/haroaccesible.asprodema.org\/wp-content\/uploads\/2017\/07\/Diapositiva2-1-500x390.jpg\" alt=\"\" title=\"\" class=\"easingslider-image easingslider-lazy\" \/><\/div><div class=\"easingslider-slide\"><img decoding=\"async\" src=\"https:\/\/haroaccesible.asprodema.org\/wp-content\/plugins\/easing-slider\/assets\/images\/placeholder-pixel.png\" data-src=\"https:\/\/haroaccesible.asprodema.org\/wp-content\/uploads\/2017\/07\/Diapositiva1-1-500x390.jpg\" alt=\"\" title=\"\" class=\"easingslider-image easingslider-lazy\" \/><\/div><\/div>\n<h1 style=\"text-align: center;\"><strong>ESPACIOS P\u00daBLICOS\u00a0 34 puntos\u00a0<img loading=\"lazy\" decoding=\"async\" class=\"alignnone wp-image-118\" src=\"http:\/\/haroaccesible.asprodema.org\/wp-content\/uploads\/2017\/07\/s_plaza.png\" alt=\"s_plaza\" width=\"100\" height=\"133\" \/><\/strong><\/h1>\n<style type=\"text\/css\">.easingslider-180 { width: 100%; }.easingslider-180 .easingslider-image { max-height: 400px; max-width: 500px; }.easingslider-180 .easingslider-fade-in, .easingslider-fade-out { -webkit-animation-duration: 400ms; -moz-animation-duration: 400ms; animation-duration: 400ms; }<\/style><script type=\"text\/javascript\">window.EasingSlider180 = {\"width\":500,\"height\":400,\"singleItem\":true,\"items\":1,\"itemsDesktop\":false,\"itemsDesktopSmall\":false,\"itemsTablet\":false,\"itemsTabletSmall\":false,\"itemsMobile\":false,\"responsive\":true,\"lazyLoad\":true,\"autoPlay\":false,\"slideSpeed\":400,\"navigation\":true,\"navigationText\":[\"\",\"\"],\"pagination\":true,\"autoHeight\":false,\"mouseDrag\":false,\"touchDrag\":false,\"addClassActive\":true,\"transitionStyle\":\"fade\"};<\/script><div data-id=\"180\" class=\"easingslider easingslider-180 easingslider-container easingslider-full-width easingslider-resizing-enabled easingslider-aspect-ratio easingslider-arrows-inside easingslider-pagination-inside easingslider-pagination-bottom-center\"><div class=\"easingslider-slide\"><img decoding=\"async\" src=\"https:\/\/haroaccesible.asprodema.org\/wp-content\/plugins\/easing-slider\/assets\/images\/placeholder-pixel.png\" data-src=\"https:\/\/haroaccesible.asprodema.org\/wp-content\/uploads\/2017\/07\/Diapositiva3-2-500x400.jpg\" alt=\"\" title=\"\" class=\"easingslider-image easingslider-lazy\" \/><\/div><div class=\"easingslider-slide\"><img decoding=\"async\" src=\"https:\/\/haroaccesible.asprodema.org\/wp-content\/plugins\/easing-slider\/assets\/images\/placeholder-pixel.png\" data-src=\"https:\/\/haroaccesible.asprodema.org\/wp-content\/uploads\/2017\/07\/Diapositiva2-2-500x400.jpg\" alt=\"\" title=\"\" class=\"easingslider-image easingslider-lazy\" \/><\/div><div class=\"easingslider-slide\"><img decoding=\"async\" src=\"https:\/\/haroaccesible.asprodema.org\/wp-content\/plugins\/easing-slider\/assets\/images\/placeholder-pixel.png\" data-src=\"https:\/\/haroaccesible.asprodema.org\/wp-content\/uploads\/2017\/07\/Diapositiva1-2-500x400.jpg\" alt=\"\" title=\"\" class=\"easingslider-image easingslider-lazy\" \/><\/div><\/div>\n","protected":false},"excerpt":{"rendered":"<p>Legislaci\u00f3n Legislaci\u00f3n nacional BOE-A-2010-4057 Legislaci\u00f3n auton\u00f3mica DECRETO accesibilidad LA Rioja Resumen de legislaciones que llevamos como materia de consulta durante el trabajo de campo y en la formaci\u00f3n inicial. Guia_Accesibilidad_vias_urbanas_FESVIAL-Fundacion_ONCE &nbsp; Informe Despu\u00e9s de m\u00e1s de 50 horas recorriendo las calles de Haro, analizando sus calles, plazas y parques hemos encontrado 409 puntos que consideramos [&hellip;]<\/p>\n","protected":false},"author":1,"featured_media":0,"parent":22,"menu_order":0,"comment_status":"closed","ping_status":"closed","template":"","meta":{"footnotes":""},"_links":{"self":[{"href":"https:\/\/haroaccesible.asprodema.org\/index.php?rest_route=\/wp\/v2\/pages\/98"}],"collection":[{"href":"https:\/\/haroaccesible.asprodema.org\/index.php?rest_route=\/wp\/v2\/pages"}],"about":[{"href":"https:\/\/haroaccesible.asprodema.org\/index.php?rest_route=\/wp\/v2\/types\/page"}],"author":[{"embeddable":true,"href":"https:\/\/haroaccesible.asprodema.org\/index.php?rest_route=\/wp\/v2\/users\/1"}],"replies":[{"embeddable":true,"href":"https:\/\/haroaccesible.asprodema.org\/index.php?rest_route=%2Fwp%2Fv2%2Fcomments&post=98"}],"version-history":[{"count":15,"href":"https:\/\/haroaccesible.asprodema.org\/index.php?rest_route=\/wp\/v2\/pages\/98\/revisions"}],"predecessor-version":[{"id":199,"href":"https:\/\/haroaccesible.asprodema.org\/index.php?rest_route=\/wp\/v2\/pages\/98\/revisions\/199"}],"up":[{"embeddable":true,"href":"https:\/\/haroaccesible.asprodema.org\/index.php?rest_route=\/wp\/v2\/pages\/22"}],"wp:attachment":[{"href":"https:\/\/haroaccesible.asprodema.org\/index.php?rest_route=%2Fwp%2Fv2%2Fmedia&parent=98"}],"curies":[{"name":"wp","href":"https:\/\/api.w.org\/{rel}","templated":true}]}}